{"id":10634,"date":"2025-02-11T15:50:18","date_gmt":"2025-02-11T14:50:18","guid":{"rendered":"http:\/\/fmsb.disstintbeta.com\/rechtlicher-hinweis\/"},"modified":"2025-02-18T13:52:07","modified_gmt":"2025-02-18T12:52:07","slug":"rechtlicher-hinweis","status":"publish","type":"page","link":"https:\/\/fmsb.eu\/de\/rechtlicher-hinweis\/","title":{"rendered":"Rechtlicher Hinweis"},"content":{"rendered":"\t\t<div data-elementor-type=\"wp-page\" data-elementor-id=\"10634\" class=\"elementor elementor-10634 elementor-549\" data-elementor-post-type=\"page\">\n\t\t\t\t<div class=\"elementor-element elementor-element-2be800ee e-flex e-con-boxed e-con e-parent\" data-id=\"2be800ee\" data-element_type=\"container\" data-e-type=\"container\">\n\t\t\t\t\t<div class=\"e-con-inner\">\n\t\t\t\t<div class=\"elementor-element elementor-element-c232815 elementor-widget elementor-widget-heading\" data-id=\"c232815\" data-element_type=\"widget\" data-e-type=\"widget\" data-widget_type=\"heading.default\">\n\t\t\t\t<div class=\"elementor-widget-container\">\n\t\t\t\t\t<h1 class=\"elementor-heading-title elementor-size-default\">Rechtsberatung<\/h1>\t\t\t\t<\/div>\n\t\t\t\t<\/div>\n\t\t\t\t<div class=\"elementor-element elementor-element-3f32c40c elementor-widget elementor-widget-text-editor\" data-id=\"3f32c40c\" data-element_type=\"widget\" data-e-type=\"widget\" data-widget_type=\"text-editor.default\">\n\t\t\t\t<div class=\"elementor-widget-container\">\n\t\t\t\t\t\t\t\t\t\n<p>Zuletzt aktualisiert: 16. Januar 2023<\/p>\n<p><br><br><br>1<strong>.- Eigentum<\/strong> Diese Website ist Eigentum und wird betrieben von FONT MORA SAINZ DE BARANDA SL, einer spanischen Handelsgesellschaft mit Sitz in AVENIDA ALEJANDRO ROSSELLO 40 8\u00ba 07002, PALMA DE MALLORCA, Illes Balears, Spanien.<br><br><br><br><br><br>NIF: B57933418 E-mail:<a href=\"mailto:info@fmsb.eu\">info@fmsb.eu<\/a> FONT MORA SAINZ DE BARANDA SL (im Folgenden der Dienst) ist im Handelsregister der Balearen, Band 2.683, Folio 45, 1. Eintragung und mit dem Blatt PM 77.364 eingetragen. Die Nutzung dieser Website verleiht Ihnen den Status eines &#8222;Nutzers&#8220;. <br><br>Das bedeutet, dass Sie die nachstehenden Bedingungen akzeptieren und sich damit einverstanden erkl\u00e4ren, die Website nicht f\u00fcr rechtswidrige Zwecke zu nutzen.<\/p>\n<p><br><br><br><br><br><br>2<strong>.- Alter<\/strong> F\u00fcr die Nutzung des Dienstes und sofern nicht anders angegeben, erkl\u00e4ren Sie, dass Sie vollj\u00e4hrig sind und \u00fcber die erforderliche Gesch\u00e4ftsf\u00e4higkeit verf\u00fcgen, um sich selbst zu binden und den Dienst in \u00dcbereinstimmung mit seinen Bedingungen zu nutzen, die Sie vollst\u00e4ndig verstehen und anerkennen. Sie erkl\u00e4ren, dass alle Informationen, die Sie vor und w\u00e4hrend der Nutzung des Dienstes zur Verf\u00fcgung stellen, wahr, vollst\u00e4ndig und genau sind.<\/p>\n<p><br><br><br>3<strong>.- Externe Links<\/strong> Die Website des Dienstes kann Sie zu anderen Websites Dritter weiterleiten. Der Dienst hat jedoch keine Kontrolle \u00fcber diese Websites oder deren Inhalt, der vielmehr seinen eigenen Bedingungen unterliegt. <br>Der Dienst ist daher nicht f\u00fcr die Qualit\u00e4t, den Wahrheitsgehalt oder die Genauigkeit dieser Websites verantwortlich.<\/p>\n<p><br><br><br><br><br>G<strong>eistiges Eigentum<\/strong> Das Design der Service-Website und ihre Inhalte, Marken und Logos sind Eigentum des Eigent\u00fcmers dieser Website oder an diesen lizenziert und unterliegen den gesetzlich festgelegten Rechten am geistigen Eigentum. Als Nutzer erkl\u00e4ren Sie sich damit einverstanden, keine Inhalte der Website \u00fcber das hier ausdr\u00fccklich angegebene Ma\u00df hinaus zu nutzen, zu kopieren oder zu verbreiten. <br>Jede kommerzielle Nutzung unserer Inhalte bedarf unserer ausdr\u00fccklichen Genehmigung.<\/p>\n<p><br><br>5<strong>.- Benutzerinhalte<\/strong> Als Benutzer k\u00f6nnen Sie auf verschiedene Weise zum Dienst beitragen, z. B. durch das Senden von E-Mails, Kommentaren oder Vorschl\u00e4gen (im Folgenden &#8222;Inhalte&#8220;).<\/p>\n<p><br><br><br><br><br>Wir k\u00f6nnen diese Inhalte auf verschiedene Weise nutzen, einschlie\u00dflich der Anzeige auf der Website, der Neuformatierung, der \u00dcbersetzung in andere Sprachen, der redaktionellen Bearbeitung zur Verbesserung der Klarheit, der Korrektur grammatikalischer Fehler, der Erstellung abgeleiteter Werke, der Werbung und der Verbreitung. Daher bleibt der Inhalt Ihr Eigentum, aber durch die \u00dcbermittlung gew\u00e4hren Sie dem Dienst eine weltweite, nicht exklusive, geb\u00fchrenfreie, nicht \u00fcbertragbare, unterlizenzierbare und unterlizenzierbare Lizenz zur Nutzung dieses Inhalts, bis er entfernt wird.<\/p>\n<p><br><br><br>6<strong>.- Newsletter<\/strong> Sie k\u00f6nnen auf der Website den Newsletter des Dienstes abonnieren. Wenn Sie zustimmen, senden wir Ihnen nur Inhalte, die sich auf den t\u00e4glichen Betrieb des Dienstes beziehen, und nichts anderes. <br><br><br>Sie k\u00f6nnen sich in jedem Fall aus der Liste austragen, indem Sie die E-Mail lesen oder uns unter<a href=\"https:\/\/www.fmsb.eu\/contacto\/\">https:\/\/www.fmsb.eu\/contacto\/<\/a> kontaktieren. Sie erkl\u00e4ren sich damit einverstanden, dass Sie die E-Mail-Adresse eines Dritten nur dann f\u00fcr das Abonnement des Newsletters verwenden, wenn Sie die ausdr\u00fcckliche Zustimmung dieser Person haben.<\/p>\n<p><br><br>H<strong>aftung<\/strong> Soweit gesetzlich zul\u00e4ssig, haftet der Dienst nicht f\u00fcr: a) Fehler oder Auslassungen im Inhalt der Website; b) die Nichtverf\u00fcgbarkeit der Website oder; <br><br>c) die \u00dcbertragung von Malware oder Viren durch den Inhalt der Website, obwohl alle notwendigen technischen Ma\u00dfnahmen getroffen wurden, um dies zu verhindern.<\/p>\n<p><br><br>8<strong>.- \u00c4nderungen<\/strong> Der Dienst beh\u00e4lt sich das Recht vor, unangek\u00fcndigte \u00c4nderungen an der Website vorzunehmen, die er f\u00fcr angemessen h\u00e4lt. <br><br>Das bedeutet, dass der Dienst Inhalte und Dienste, die \u00fcber die Website angeboten werden, \u00e4ndern, l\u00f6schen oder hinzuf\u00fcgen kann. Au\u00dferdem k\u00f6nnen diese Bedingungen von Zeit zu Zeit aktualisiert werden. <br>Die \u00c4nderungen treten in Kraft, sobald sie ver\u00f6ffentlicht sind.<\/p>\n<p><br><br><br><br>9<strong>.- Recht und Schiedsgerichtsbarkeit<\/strong> Dieser Service unterliegt, soweit m\u00f6glich, spanischem Recht. Um die Beilegung zivilrechtlicher Streitigkeiten zu vereinfachen und die Kosten zu senken, schlie\u00dfen wir die M\u00f6glichkeit nicht aus, sich einem Schiedsgericht des Schiedsgerichts der Industrie- und Handelskammern zu unterwerfen.<br><br><br><br>In diesem Zusammenhang und in \u00dcbereinstimmung mit den geltenden Vorschriften informiert der Service \u00fcber die Existenz einer europ\u00e4ischen Plattform zur Online-Streitbeilegung, die die au\u00dfergerichtliche Beilegung solcher Streitigkeiten f\u00fcr online geschlossene Vertr\u00e4ge zwischen Verbrauchern und Internetdienstleistern erleichtert. <br>Die Plattform kann \u00fcber die folgende Website aufgerufen werden: http:\/\/ec.europa.eu\/odr.<\/p>\n<p><br><br><br><br><br>1<strong>0.- Kontakt<\/strong> F\u00fcr jede Kl\u00e4rung, jeden Vorfall oder jede Beschwerde k\u00f6nnen Sie uns kontaktieren: E-Mail:<a href=\"mailto:info@fmsb.eu\">info@fmsb.eu<\/a> Postadresse: AVENIDA ALEJANDRO ROSSELLO 40 8\u00ba 07002, PALMA DE MALLORCA, Illes Balears, Spanien<\/p>\t\t\t\t\t\t\t\t<\/div>\n\t\t\t\t<\/div>\n\t\t\t\t\t<\/div>\n\t\t\t\t<\/div>\n\t\t\t\t<\/div>\n\t\t","protected":false},"excerpt":{"rendered":"<p>Rechtsberatung Zuletzt aktualisiert: 16. Januar 2023 1.- Eigentum Diese Website ist Eigentum und wird betrieben von FONT MORA SAINZ DE BARANDA SL, einer spanischen Handelsgesellschaft mit Sitz in AVENIDA ALEJANDRO ROSSELLO 40 8\u00ba 07002, PALMA DE MALLORCA, Illes Balears, Spanien. NIF: B57933418 E-mail:info@fmsb.eu FONT MORA SAINZ DE BARANDA SL (im Folgenden der Dienst) ist im [&hellip;]<\/p>\n","protected":false},"author":1,"featured_media":0,"parent":0,"menu_order":0,"comment_status":"closed","ping_status":"closed","template":"","meta":{"footnotes":""},"class_list":["post-10634","page","type-page","status-publish","hentry"],"yoast_head":"<!-- This site is optimized with the Yoast SEO plugin v27.3 - https:\/\/yoast.com\/product\/yoast-seo-wordpress\/ -->\n<title>Rechtlicher Hinweis - FMSB Abogados y Economistas en Baleares<\/title>\n<meta name=\"robots\" content=\"noindex, nofollow\" \/>\n<meta property=\"og:locale\" content=\"de_DE\" \/>\n<meta property=\"og:type\" content=\"article\" \/>\n<meta property=\"og:title\" content=\"Rechtlicher Hinweis - FMSB Abogados y Economistas en Baleares\" \/>\n<meta property=\"og:description\" content=\"Rechtsberatung Zuletzt aktualisiert: 16. Januar 2023 1.- Eigentum Diese Website ist Eigentum und wird betrieben von FONT MORA SAINZ DE BARANDA SL, einer spanischen Handelsgesellschaft mit Sitz in AVENIDA ALEJANDRO ROSSELLO 40 8\u00ba 07002, PALMA DE MALLORCA, Illes Balears, Spanien. NIF: B57933418 E-mail:info@fmsb.eu FONT MORA SAINZ DE BARANDA SL (im Folgenden der Dienst) ist im [&hellip;]\" \/>\n<meta property=\"og:url\" content=\"https:\/\/fmsb.eu\/de\/rechtlicher-hinweis\/\" \/>\n<meta property=\"og:site_name\" content=\"FMSB Abogados y Economistas en Baleares\" \/>\n<meta property=\"article:modified_time\" content=\"2025-02-18T12:52:07+00:00\" \/>\n<meta name=\"twitter:card\" content=\"summary_large_image\" \/>\n<meta name=\"twitter:label1\" content=\"Gesch\u00e4tzte Lesezeit\" \/>\n\t<meta name=\"twitter:data1\" content=\"4\u00a0Minuten\" \/>\n<script type=\"application\/ld+json\" class=\"yoast-schema-graph\">{\"@context\":\"https:\\\/\\\/schema.org\",\"@graph\":[{\"@type\":\"WebPage\",\"@id\":\"https:\\\/\\\/fmsb.eu\\\/de\\\/rechtlicher-hinweis\\\/\",\"url\":\"https:\\\/\\\/fmsb.eu\\\/de\\\/rechtlicher-hinweis\\\/\",\"name\":\"Rechtlicher Hinweis - FMSB Abogados y Economistas en Baleares\",\"isPartOf\":{\"@id\":\"https:\\\/\\\/fmsb.eu\\\/de\\\/#website\"},\"datePublished\":\"2025-02-11T14:50:18+00:00\",\"dateModified\":\"2025-02-18T12:52:07+00:00\",\"breadcrumb\":{\"@id\":\"https:\\\/\\\/fmsb.eu\\\/de\\\/rechtlicher-hinweis\\\/#breadcrumb\"},\"inLanguage\":\"de\",\"potentialAction\":[{\"@type\":\"ReadAction\",\"target\":[\"https:\\\/\\\/fmsb.eu\\\/de\\\/rechtlicher-hinweis\\\/\"]}]},{\"@type\":\"BreadcrumbList\",\"@id\":\"https:\\\/\\\/fmsb.eu\\\/de\\\/rechtlicher-hinweis\\\/#breadcrumb\",\"itemListElement\":[{\"@type\":\"ListItem\",\"position\":1,\"name\":\"Portada\",\"item\":\"https:\\\/\\\/fmsb.eu\\\/de\\\/\"},{\"@type\":\"ListItem\",\"position\":2,\"name\":\"Rechtlicher Hinweis\"}]},{\"@type\":\"WebSite\",\"@id\":\"https:\\\/\\\/fmsb.eu\\\/de\\\/#website\",\"url\":\"https:\\\/\\\/fmsb.eu\\\/de\\\/\",\"name\":\"FMSB Abogados y Economistas en Baleares\",\"description\":\"\",\"publisher\":{\"@id\":\"https:\\\/\\\/fmsb.eu\\\/de\\\/#organization\"},\"potentialAction\":[{\"@type\":\"SearchAction\",\"target\":{\"@type\":\"EntryPoint\",\"urlTemplate\":\"https:\\\/\\\/fmsb.eu\\\/de\\\/?s={search_term_string}\"},\"query-input\":{\"@type\":\"PropertyValueSpecification\",\"valueRequired\":true,\"valueName\":\"search_term_string\"}}],\"inLanguage\":\"de\"},{\"@type\":\"Organization\",\"@id\":\"https:\\\/\\\/fmsb.eu\\\/de\\\/#organization\",\"name\":\"FMSB Abogados y Economistas en Baleares\",\"url\":\"https:\\\/\\\/fmsb.eu\\\/de\\\/\",\"logo\":{\"@type\":\"ImageObject\",\"inLanguage\":\"de\",\"@id\":\"https:\\\/\\\/fmsb.eu\\\/de\\\/#\\\/schema\\\/logo\\\/image\\\/\",\"url\":\"https:\\\/\\\/fmsb.eu\\\/wp-content\\\/uploads\\\/2025\\\/02\\\/logo.svg\",\"contentUrl\":\"https:\\\/\\\/fmsb.eu\\\/wp-content\\\/uploads\\\/2025\\\/02\\\/logo.svg\",\"width\":154,\"height\":52,\"caption\":\"FMSB Abogados y Economistas en Baleares\"},\"image\":{\"@id\":\"https:\\\/\\\/fmsb.eu\\\/de\\\/#\\\/schema\\\/logo\\\/image\\\/\"}}]}<\/script>\n<!-- \/ Yoast SEO plugin. -->","yoast_head_json":{"title":"Rechtlicher Hinweis - FMSB Abogados y Economistas en Baleares","robots":{"index":"noindex","follow":"nofollow"},"og_locale":"de_DE","og_type":"article","og_title":"Rechtlicher Hinweis - FMSB Abogados y Economistas en Baleares","og_description":"Rechtsberatung Zuletzt aktualisiert: 16. Januar 2023 1.- Eigentum Diese Website ist Eigentum und wird betrieben von FONT MORA SAINZ DE BARANDA SL, einer spanischen Handelsgesellschaft mit Sitz in AVENIDA ALEJANDRO ROSSELLO 40 8\u00ba 07002, PALMA DE MALLORCA, Illes Balears, Spanien. NIF: B57933418 E-mail:info@fmsb.eu FONT MORA SAINZ DE BARANDA SL (im Folgenden der Dienst) ist im [&hellip;]","og_url":"https:\/\/fmsb.eu\/de\/rechtlicher-hinweis\/","og_site_name":"FMSB Abogados y Economistas en Baleares","article_modified_time":"2025-02-18T12:52:07+00:00","twitter_card":"summary_large_image","twitter_misc":{"Gesch\u00e4tzte Lesezeit":"4\u00a0Minuten"},"schema":{"@context":"https:\/\/schema.org","@graph":[{"@type":"WebPage","@id":"https:\/\/fmsb.eu\/de\/rechtlicher-hinweis\/","url":"https:\/\/fmsb.eu\/de\/rechtlicher-hinweis\/","name":"Rechtlicher Hinweis - FMSB Abogados y Economistas en Baleares","isPartOf":{"@id":"https:\/\/fmsb.eu\/de\/#website"},"datePublished":"2025-02-11T14:50:18+00:00","dateModified":"2025-02-18T12:52:07+00:00","breadcrumb":{"@id":"https:\/\/fmsb.eu\/de\/rechtlicher-hinweis\/#breadcrumb"},"inLanguage":"de","potentialAction":[{"@type":"ReadAction","target":["https:\/\/fmsb.eu\/de\/rechtlicher-hinweis\/"]}]},{"@type":"BreadcrumbList","@id":"https:\/\/fmsb.eu\/de\/rechtlicher-hinweis\/#breadcrumb","itemListElement":[{"@type":"ListItem","position":1,"name":"Portada","item":"https:\/\/fmsb.eu\/de\/"},{"@type":"ListItem","position":2,"name":"Rechtlicher Hinweis"}]},{"@type":"WebSite","@id":"https:\/\/fmsb.eu\/de\/#website","url":"https:\/\/fmsb.eu\/de\/","name":"FMSB Abogados y Economistas en Baleares","description":"","publisher":{"@id":"https:\/\/fmsb.eu\/de\/#organization"},"potentialAction":[{"@type":"SearchAction","target":{"@type":"EntryPoint","urlTemplate":"https:\/\/fmsb.eu\/de\/?s={search_term_string}"},"query-input":{"@type":"PropertyValueSpecification","valueRequired":true,"valueName":"search_term_string"}}],"inLanguage":"de"},{"@type":"Organization","@id":"https:\/\/fmsb.eu\/de\/#organization","name":"FMSB Abogados y Economistas en Baleares","url":"https:\/\/fmsb.eu\/de\/","logo":{"@type":"ImageObject","inLanguage":"de","@id":"https:\/\/fmsb.eu\/de\/#\/schema\/logo\/image\/","url":"https:\/\/fmsb.eu\/wp-content\/uploads\/2025\/02\/logo.svg","contentUrl":"https:\/\/fmsb.eu\/wp-content\/uploads\/2025\/02\/logo.svg","width":154,"height":52,"caption":"FMSB Abogados y Economistas en Baleares"},"image":{"@id":"https:\/\/fmsb.eu\/de\/#\/schema\/logo\/image\/"}}]}},"_links":{"self":[{"href":"https:\/\/fmsb.eu\/de\/wp-json\/wp\/v2\/pages\/10634","targetHints":{"allow":["GET"]}}],"collection":[{"href":"https:\/\/fmsb.eu\/de\/wp-json\/wp\/v2\/pages"}],"about":[{"href":"https:\/\/fmsb.eu\/de\/wp-json\/wp\/v2\/types\/page"}],"author":[{"embeddable":true,"href":"https:\/\/fmsb.eu\/de\/wp-json\/wp\/v2\/users\/1"}],"replies":[{"embeddable":true,"href":"https:\/\/fmsb.eu\/de\/wp-json\/wp\/v2\/comments?post=10634"}],"version-history":[{"count":11,"href":"https:\/\/fmsb.eu\/de\/wp-json\/wp\/v2\/pages\/10634\/revisions"}],"predecessor-version":[{"id":10669,"href":"https:\/\/fmsb.eu\/de\/wp-json\/wp\/v2\/pages\/10634\/revisions\/10669"}],"wp:attachment":[{"href":"https:\/\/fmsb.eu\/de\/wp-json\/wp\/v2\/media?parent=10634"}],"curies":[{"name":"wp","href":"https:\/\/api.w.org\/{rel}","templated":true}]}}